{"id":8,"date":"2024-10-12T09:42:31","date_gmt":"2024-10-12T09:42:31","guid":{"rendered":"https:\/\/www.mdkpcs.com\/index.php\/about-us\/"},"modified":"2024-10-13T11:10:30","modified_gmt":"2024-10-13T11:10:30","slug":"about-us","status":"publish","type":"page","link":"https:\/\/www.mdkpcs.com\/index.php\/about-us\/","title":{"rendered":"Acerca de n\u00f3s"},"content":{"rendered":"<h4>A Nossa Vis\u00e3o<\/h4>\n<p>A vis\u00e3o para a MDKpcs no mercado onde atua encontra-se refletida no nosso lema: \u201cIf you can dream it, we can do it!\u201d<\/p>\n<h3>Os Nossos\u00a0Valores<\/h3>\n<p>Na <b>MDKpcs <\/b>todas as nossas a\u00e7\u00f5es e tomadas de decis\u00e3o s\u00e3o alicer\u00e7adas em \u00a0valores fundamentais:<br \/>\nA\u00a0<strong>Versatilidade<\/strong>\u00a0permite-nos adaptar solu\u00e7\u00f5es digitais inovadoras a cada cliente.<br \/>\nO\u00a0<strong>Trabalho de Equipa<\/strong> assegura sinergias de sucesso.<br \/>\nO\u00a0<strong>Compromisso<\/strong>\u00a0com a\u00a0<strong>Transpar\u00eancia e Confian\u00e7a<\/strong> garante rela\u00e7\u00f5es fidedignas e duradouras.<\/p>\n<h2>Somos uma equipa jovem e din\u00e2mica, apaixonada por tecnologia e inova\u00e7\u00e3o.<\/h2>\n<p>\t\t\t\t\t\t\t\t\t\t\t\t\t<img loading=\"lazy\" decoding=\"async\" width=\"640\" height=\"360\" src=\"https:\/\/www.mdkpcs.com\/wp-content\/uploads\/2024\/10\/cropped-wallpaperflare.com_wallpaper-scaled-1-1024x576.jpg\" alt=\"\" srcset=\"https:\/\/www.mdkpcs.com\/wp-content\/uploads\/2024\/10\/cropped-wallpaperflare.com_wallpaper-scaled-1-1024x576.jpg 1024w, https:\/\/www.mdkpcs.com\/wp-content\/uploads\/2024\/10\/cropped-wallpaperflare.com_wallpaper-scaled-1-300x169.jpg 300w, https:\/\/www.mdkpcs.com\/wp-content\/uploads\/2024\/10\/cropped-wallpaperflare.com_wallpaper-scaled-1-768x432.jpg 768w, https:\/\/www.mdkpcs.com\/wp-content\/uploads\/2024\/10\/cropped-wallpaperflare.com_wallpaper-scaled-1.jpg 1500w\" sizes=\"auto, (max-width: 640px) 100vw, 640px\" \/><\/p>\n","protected":false},"excerpt":{"rendered":"<p>A Nossa Vis\u00e3o A vis\u00e3o para a MDKpcs no mercado onde atua encontra-se refletida no nosso lema: \u201cIf you can&hellip;<\/p>\n","protected":false},"author":1,"featured_media":0,"parent":0,"menu_order":0,"comment_status":"closed","ping_status":"closed","template":"","meta":{"footnotes":""},"class_list":["post-8","page","type-page","status-publish","hentry"],"jetpack_sharing_enabled":true,"_links":{"self":[{"href":"https:\/\/www.mdkpcs.com\/index.php\/wp-json\/wp\/v2\/pages\/8","targetHints":{"allow":["GET"]}}],"collection":[{"href":"https:\/\/www.mdkpcs.com\/index.php\/wp-json\/wp\/v2\/pages"}],"about":[{"href":"https:\/\/www.mdkpcs.com\/index.php\/wp-json\/wp\/v2\/types\/page"}],"author":[{"embeddable":true,"href":"https:\/\/www.mdkpcs.com\/index.php\/wp-json\/wp\/v2\/users\/1"}],"replies":[{"embeddable":true,"href":"https:\/\/www.mdkpcs.com\/index.php\/wp-json\/wp\/v2\/comments?post=8"}],"version-history":[{"count":8,"href":"https:\/\/www.mdkpcs.com\/index.php\/wp-json\/wp\/v2\/pages\/8\/revisions"}],"predecessor-version":[{"id":201,"href":"https:\/\/www.mdkpcs.com\/index.php\/wp-json\/wp\/v2\/pages\/8\/revisions\/201"}],"wp:attachment":[{"href":"https:\/\/www.mdkpcs.com\/index.php\/wp-json\/wp\/v2\/media?parent=8"}],"curies":[{"name":"wp","href":"https:\/\/api.w.org\/{rel}","templated":true}]}}