{"id":12,"date":"2024-10-12T09:42:31","date_gmt":"2024-10-12T09:42:31","guid":{"rendered":"https:\/\/www.mdkpcs.com\/index.php\/pages\/"},"modified":"2024-10-13T11:37:36","modified_gmt":"2024-10-13T11:37:36","slug":"pages","status":"publish","type":"page","link":"https:\/\/www.mdkpcs.com\/index.php\/pages\/","title":{"rendered":"Produtos"},"content":{"rendered":"<ul>\n<li>Montagens de PCs de forma personalizada e ao teu gosto do mais simples ao mais elaborado:<\/li>\n<\/ul>\n<p><img loading=\"lazy\" decoding=\"async\" class=\"alignnone  wp-image-211\" src=\"https:\/\/www.mdkpcs.com\/wp-content\/uploads\/2024\/10\/compressed_img-ACIbAiXw86VMiyk1v87V2bI0-1024x585-1-300x171.jpg\" alt=\"\" width=\"212\" height=\"121\" srcset=\"https:\/\/www.mdkpcs.com\/wp-content\/uploads\/2024\/10\/compressed_img-ACIbAiXw86VMiyk1v87V2bI0-1024x585-1-300x171.jpg 300w, https:\/\/www.mdkpcs.com\/wp-content\/uploads\/2024\/10\/compressed_img-ACIbAiXw86VMiyk1v87V2bI0-1024x585-1-600x343.jpg 600w, https:\/\/www.mdkpcs.com\/wp-content\/uploads\/2024\/10\/compressed_img-ACIbAiXw86VMiyk1v87V2bI0-1024x585-1-768x439.jpg 768w, https:\/\/www.mdkpcs.com\/wp-content\/uploads\/2024\/10\/compressed_img-ACIbAiXw86VMiyk1v87V2bI0-1024x585-1.jpg 1024w\" sizes=\"auto, (max-width: 212px) 100vw, 212px\" \/><\/p>\n<p>pre\u00e7o &#8211; sob consulta<\/p>\n<ul>\n<li>Montagens de PCs com water chiller:<\/li>\n<\/ul>\n<p><img loading=\"lazy\" decoding=\"async\" class=\"alignnone  wp-image-212\" src=\"https:\/\/www.mdkpcs.com\/wp-content\/uploads\/2024\/10\/2024-10-13-12_25_10-Hailea-HC-500A-Water-Chiller-218x300.jpg\" alt=\"\" width=\"172\" height=\"237\" srcset=\"https:\/\/www.mdkpcs.com\/wp-content\/uploads\/2024\/10\/2024-10-13-12_25_10-Hailea-HC-500A-Water-Chiller-218x300.jpg 218w, https:\/\/www.mdkpcs.com\/wp-content\/uploads\/2024\/10\/2024-10-13-12_25_10-Hailea-HC-500A-Water-Chiller-600x827.jpg 600w, https:\/\/www.mdkpcs.com\/wp-content\/uploads\/2024\/10\/2024-10-13-12_25_10-Hailea-HC-500A-Water-Chiller-743x1024.jpg 743w, https:\/\/www.mdkpcs.com\/wp-content\/uploads\/2024\/10\/2024-10-13-12_25_10-Hailea-HC-500A-Water-Chiller-768x1058.jpg 768w, https:\/\/www.mdkpcs.com\/wp-content\/uploads\/2024\/10\/2024-10-13-12_25_10-Hailea-HC-500A-Water-Chiller.jpg 874w\" sizes=\"auto, (max-width: 172px) 100vw, 172px\" \/><\/p>\n<p>Pre\u00e7o &#8211; sob consulta<\/p>\n<ul>\n<li>Apoio informatico para optimiza\u00e7\u00e3o de pcs windows para jogos:<\/li>\n<\/ul>\n<p>Optimiza\u00e7\u00e3o base para jogo especifico:<\/p>\n<p>25\u20ac = 1 hora<\/p>\n<p>Optimiza\u00e7\u00e3o geral:<\/p>\n<p>20\u20ac = 40 minutos<\/p>\n<p>Resolu\u00e7\u00e3o de qualquer problema ou erros do windows ou problema de software em geral:<\/p>\n<p>18\u20ac P\/hora ( se o problema for resolvido em menos de 1 hora o valor \u00e9 18\u20ac)<\/p>\n<p><em>nota: efetuado remotamente usando o rustdesk<\/em><\/p>\n<p><img loading=\"lazy\" decoding=\"async\" class=\"alignnone size-medium wp-image-214\" src=\"https:\/\/www.mdkpcs.com\/wp-content\/uploads\/2024\/10\/360_F_564316725_zE8llusnCk3Sfr9rdfKya6fV7BQbjfyV-300x200.jpg\" alt=\"\" width=\"300\" height=\"200\" srcset=\"https:\/\/www.mdkpcs.com\/wp-content\/uploads\/2024\/10\/360_F_564316725_zE8llusnCk3Sfr9rdfKya6fV7BQbjfyV-300x200.jpg 300w, https:\/\/www.mdkpcs.com\/wp-content\/uploads\/2024\/10\/360_F_564316725_zE8llusnCk3Sfr9rdfKya6fV7BQbjfyV.jpg 540w\" sizes=\"auto, (max-width: 300px) 100vw, 300px\" \/><\/p>\n<ul>\n<li>Optmiza\u00e7\u00e3o de hardware (overclock) para qualquer sistema:<\/li>\n<\/ul>\n<p>Requer ou chamada de video com a capacidade do utilizador seguir as indica\u00e7\u00f5es exactas transmitidas, estando associadas as limita\u00e7\u00f5es quer dos produtos quer do cooling que utilizador tenha<\/p>\n<p>Pre\u00e7o: 100\u20ac (inclui CPU\/RAM\/GPU<\/p>\n<p>Presencial os valores ser\u00e1o sob consulta<\/p>\n<p><img loading=\"lazy\" decoding=\"async\" class=\"alignnone size-medium wp-image-213\" src=\"https:\/\/www.mdkpcs.com\/wp-content\/uploads\/2024\/10\/uma-mais-geral-300x150.jpg\" alt=\"\" width=\"300\" height=\"150\" srcset=\"https:\/\/www.mdkpcs.com\/wp-content\/uploads\/2024\/10\/uma-mais-geral-300x150.jpg 300w, https:\/\/www.mdkpcs.com\/wp-content\/uploads\/2024\/10\/uma-mais-geral-600x300.jpg 600w, https:\/\/www.mdkpcs.com\/wp-content\/uploads\/2024\/10\/uma-mais-geral-768x384.jpg 768w, https:\/\/www.mdkpcs.com\/wp-content\/uploads\/2024\/10\/uma-mais-geral.jpg 800w\" sizes=\"auto, (max-width: 300px) 100vw, 300px\" \/><\/p>\n","protected":false},"excerpt":{"rendered":"<p>Montagens de PCs de forma personalizada e ao teu gosto do mais simples ao mais elaborado: pre\u00e7o &#8211; sob consulta&hellip;<\/p>\n","protected":false},"author":1,"featured_media":0,"parent":0,"menu_order":0,"comment_status":"closed","ping_status":"closed","template":"","meta":{"footnotes":""},"class_list":["post-12","page","type-page","status-publish","hentry"],"jetpack_sharing_enabled":true,"_links":{"self":[{"href":"https:\/\/www.mdkpcs.com\/index.php\/wp-json\/wp\/v2\/pages\/12","targetHints":{"allow":["GET"]}}],"collection":[{"href":"https:\/\/www.mdkpcs.com\/index.php\/wp-json\/wp\/v2\/pages"}],"about":[{"href":"https:\/\/www.mdkpcs.com\/index.php\/wp-json\/wp\/v2\/types\/page"}],"author":[{"embeddable":true,"href":"https:\/\/www.mdkpcs.com\/index.php\/wp-json\/wp\/v2\/users\/1"}],"replies":[{"embeddable":true,"href":"https:\/\/www.mdkpcs.com\/index.php\/wp-json\/wp\/v2\/comments?post=12"}],"version-history":[{"count":2,"href":"https:\/\/www.mdkpcs.com\/index.php\/wp-json\/wp\/v2\/pages\/12\/revisions"}],"predecessor-version":[{"id":215,"href":"https:\/\/www.mdkpcs.com\/index.php\/wp-json\/wp\/v2\/pages\/12\/revisions\/215"}],"wp:attachment":[{"href":"https:\/\/www.mdkpcs.com\/index.php\/wp-json\/wp\/v2\/media?parent=12"}],"curies":[{"name":"wp","href":"https:\/\/api.w.org\/{rel}","templated":true}]}}