{"id":10,"date":"2024-10-12T09:42:31","date_gmt":"2024-10-12T09:42:31","guid":{"rendered":"https:\/\/www.mdkpcs.com\/index.php\/services\/"},"modified":"2024-10-13T08:50:07","modified_gmt":"2024-10-13T08:50:07","slug":"services","status":"publish","type":"page","link":"https:\/\/www.mdkpcs.com\/index.php\/services\/","title":{"rendered":"Servi\u00e7os"},"content":{"rendered":"<p>Na MDKpcs vais encontrar, todo o tipo de servi\u00e7os:<\/p>\n<ul>\n<li>Consultoria informatica<\/li>\n<li>Repara\u00e7\u00e3o de hardware<\/li>\n<li>Projectos chave na m\u00e3o<\/li>\n<li>Projectos customizados a tua medida<\/li>\n<li>Projectos de hardware e cooling extremos<\/li>\n<li>Todo o tipo de customiza\u00e7\u00e3o informatica que imagines n\u00f3s tornamos isso uma realidade<\/li>\n<\/ul>\n","protected":false},"excerpt":{"rendered":"<p>Na MDKpcs vais encontrar, todo o tipo de servi\u00e7os: Consultoria informatica Repara\u00e7\u00e3o de hardware Projectos chave na m\u00e3o Projectos customizados&hellip;<\/p>\n","protected":false},"author":1,"featured_media":0,"parent":0,"menu_order":0,"comment_status":"closed","ping_status":"closed","template":"","meta":{"footnotes":""},"class_list":["post-10","page","type-page","status-publish","hentry"],"jetpack_sharing_enabled":true,"_links":{"self":[{"href":"https:\/\/www.mdkpcs.com\/index.php\/wp-json\/wp\/v2\/pages\/10","targetHints":{"allow":["GET"]}}],"collection":[{"href":"https:\/\/www.mdkpcs.com\/index.php\/wp-json\/wp\/v2\/pages"}],"about":[{"href":"https:\/\/www.mdkpcs.com\/index.php\/wp-json\/wp\/v2\/types\/page"}],"author":[{"embeddable":true,"href":"https:\/\/www.mdkpcs.com\/index.php\/wp-json\/wp\/v2\/users\/1"}],"replies":[{"embeddable":true,"href":"https:\/\/www.mdkpcs.com\/index.php\/wp-json\/wp\/v2\/comments?post=10"}],"version-history":[{"count":2,"href":"https:\/\/www.mdkpcs.com\/index.php\/wp-json\/wp\/v2\/pages\/10\/revisions"}],"predecessor-version":[{"id":162,"href":"https:\/\/www.mdkpcs.com\/index.php\/wp-json\/wp\/v2\/pages\/10\/revisions\/162"}],"wp:attachment":[{"href":"https:\/\/www.mdkpcs.com\/index.php\/wp-json\/wp\/v2\/media?parent=10"}],"curies":[{"name":"wp","href":"https:\/\/api.w.org\/{rel}","templated":true}]}}